{"id":638,"date":"2024-09-27T11:05:43","date_gmt":"2024-09-27T08:05:43","guid":{"rendered":"http:\/\/conference.fdiba.tu-sofia.bg\/de\/?page_id=638"},"modified":"2024-09-27T11:08:58","modified_gmt":"2024-09-27T08:08:58","slug":"2023-2","status":"publish","type":"page","link":"https:\/\/conference.fdiba.tu-sofia.bg\/de\/?page_id=638","title":{"rendered":"2023"},"content":{"rendered":"\n<p>Liebe Autorinnen und Autoren der FDIBA-Konferenz 2023. Alle Forschungsbeitr\u00e4ge sind ver\u00f6ffentlicht. Vielen Dank f\u00fcr Ihre Geduld.<\/p>\n\n\n\n<p>click <a href=\"http:\/\/conference.fdiba.tu-sofia.bg\/?page_id=805\">here<\/a><\/p>\n","protected":false},"excerpt":{"rendered":"<p>Liebe Autorinnen und Autoren der FDIBA-Konferenz 2023. Alle Forschungsbeitr\u00e4ge sind ver\u00f6ffentlicht. Vielen Dank f\u00fcr Ihre Geduld. click here<\/p>\n","protected":false},"author":19,"featured_media":0,"parent":0,"menu_order":0,"comment_status":"closed","ping_status":"closed","template":"","meta":{"footnotes":""},"class_list":["post-638","page","type-page","status-publish","hentry"],"_links":{"self":[{"href":"https:\/\/conference.fdiba.tu-sofia.bg\/de\/index.php?rest_route=\/wp\/v2\/pages\/638","targetHints":{"allow":["GET"]}}],"collection":[{"href":"https:\/\/conference.fdiba.tu-sofia.bg\/de\/index.php?rest_route=\/wp\/v2\/pages"}],"about":[{"href":"https:\/\/conference.fdiba.tu-sofia.bg\/de\/index.php?rest_route=\/wp\/v2\/types\/page"}],"author":[{"embeddable":true,"href":"https:\/\/conference.fdiba.tu-sofia.bg\/de\/index.php?rest_route=\/wp\/v2\/users\/19"}],"replies":[{"embeddable":true,"href":"https:\/\/conference.fdiba.tu-sofia.bg\/de\/index.php?rest_route=%2Fwp%2Fv2%2Fcomments&post=638"}],"version-history":[{"count":3,"href":"https:\/\/conference.fdiba.tu-sofia.bg\/de\/index.php?rest_route=\/wp\/v2\/pages\/638\/revisions"}],"predecessor-version":[{"id":642,"href":"https:\/\/conference.fdiba.tu-sofia.bg\/de\/index.php?rest_route=\/wp\/v2\/pages\/638\/revisions\/642"}],"wp:attachment":[{"href":"https:\/\/conference.fdiba.tu-sofia.bg\/de\/index.php?rest_route=%2Fwp%2Fv2%2Fmedia&parent=638"}],"curies":[{"name":"wp","href":"https:\/\/api.w.org\/{rel}","templated":true}]}}