{"id":405,"date":"2019-04-17T15:38:04","date_gmt":"2019-04-17T12:38:04","guid":{"rendered":"http:\/\/conference.fdiba.tu-sofia.bg\/de\/?page_id=405"},"modified":"2020-01-21T00:13:05","modified_gmt":"2020-01-20T22:13:05","slug":"2018-2","status":"publish","type":"page","link":"https:\/\/conference.fdiba.tu-sofia.bg\/de\/?page_id=405","title":{"rendered":"2018"},"content":{"rendered":"<table width=\"636\">\n<tbody>\n<tr>\n<td rowspan=\"2\" width=\"302\">\n<h2 style=\"text-align: center;\"><strong>Titel<\/strong><\/h2>\n<\/td>\n<td rowspan=\"2\" width=\"141\">\n<h2 style=\"text-align: center;\"><strong>Dokument Herunterladen<\/strong><\/h2>\n<\/td>\n<td colspan=\"2\" width=\"193\">\n<h2 style=\"text-align: center;\"><strong>Zitierung<\/strong><\/h2>\n<\/td>\n<\/tr>\n<tr>\n<td width=\"96\">\n<h2 style=\"text-align: center;\"><strong>Text<\/strong><\/h2>\n<\/td>\n<td width=\"96\">\n<h2 style=\"text-align: center;\"><strong>BibTex<\/strong><\/h2>\n<\/td>\n<\/tr>\n<tr>\n<td width=\"302\"><strong>Voller Text<\/strong><\/td>\n<td width=\"141\"><a href=\"http:\/\/conference.fdiba.tu-sofia.bg\/uploads\/2018\/Proceedings\/FDIBAconf2018.pdf\">FDIBAconf2018.pdf<\/a><\/td>\n<td width=\"96\"><\/td>\n<td width=\"96\"><\/td>\n<\/tr>\n<tr>\n<td width=\"302\"><strong>Titelseiten<\/strong><\/td>\n<td width=\"141\"><a href=\"http:\/\/conference.fdiba.tu-sofia.bg\/uploads\/2018\/Proceedings\/TitlePage.pdf\">TitlePage.pdf<\/a><\/td>\n<td width=\"96\"><\/td>\n<td width=\"96\"><\/td>\n<\/tr>\n<tr>\n<td width=\"302\"><strong>Programm<\/strong><\/td>\n<td width=\"141\"><a href=\"http:\/\/conference.fdiba.tu-sofia.bg\/uploads\/2018\/Proceedings\/Program.pdf\">Program.pdf<\/a><\/td>\n<td width=\"96\"><\/td>\n<td width=\"96\"><\/td>\n<\/tr>\n<tr>\n<td width=\"302\"><strong>Inhaltsverzeichnis<\/strong><\/td>\n<td width=\"141\"><a href=\"http:\/\/conference.fdiba.tu-sofia.bg\/uploads\/2018\/Proceedings\/TableOfContents.pdf\">TableOfContents.pdf<\/a><\/td>\n<td width=\"96\"><\/td>\n<td width=\"96\"><\/td>\n<\/tr>\n<tr>\n<td width=\"302\"><strong>Erneuerbare Energiequellen und Besch\u00e4ftigung<\/strong><\/p>\n<p><em>Plenargespr\u00e4ch<\/em><\/p>\n<p><strong><span style=\"color: #000080;\">Zwetelina Gankova-Ivanova<\/span><\/strong><\/td>\n<td width=\"141\"><a href=\"http:\/\/conference.fdiba.tu-sofia.bg\/uploads\/2018\/Proceedings\/PlenaryTalk.pdf\">PlenaryTalk.pdf<\/a><\/td>\n<td width=\"96\"><\/td>\n<td width=\"96\"><\/td>\n<\/tr>\n<tr>\n<td width=\"302\"><strong>Sitzung Informatik<\/strong><\/td>\n<td width=\"141\"><\/td>\n<td width=\"96\"><\/td>\n<td width=\"96\"><\/td>\n<\/tr>\n<tr>\n<td width=\"302\"><strong>Hygienefaktoren der Gebrauchstauglichkeit (Voraussetzung f\u00fcr Akzeptabilit\u00e4t der Schnittstellen von graphischen Oberfl\u00e4chen)<\/strong><\/p>\n<p><strong><span style=\"color: #000080;\">Svetla Ivanova-Vassileva<\/span><\/strong><\/td>\n<td width=\"141\"><a href=\"http:\/\/conference.fdiba.tu-sofia.bg\/uploads\/2018\/Proceedings\/INF1.pdf\">INF1.pdf<\/a><\/td>\n<td width=\"96\"><a href=\"http:\/\/conference.fdiba.tu-sofia.bg\/uploads\/2018\/Proceedings\/INF1.pt.html\">INF1.pt.html<\/a><\/td>\n<td width=\"96\"><a href=\"http:\/\/conference.fdiba.tu-sofia.bg\/uploads\/2018\/Proceedings\/INF1.bt.txt\">INF1.bt.txt<\/a><\/td>\n<\/tr>\n<tr>\n<td width=\"302\"><strong>Assoziativit t von GUI-Metaphern und Benutzerperformanz (Studie \u00fcber eine Bank-Anwendung)<\/strong><\/p>\n<p><strong><span style=\"color: #000080;\">Svetla Ivanova-Vassileva<\/span><\/strong><\/td>\n<td width=\"141\"><a href=\"http:\/\/conference.fdiba.tu-sofia.bg\/uploads\/2018\/Proceedings\/INF2.pdf\">INF2.pdf<\/a><\/td>\n<td width=\"96\"><a href=\"http:\/\/conference.fdiba.tu-sofia.bg\/uploads\/2018\/Proceedings\/INF2.pt.html\">INF2.pt.html<\/a><\/td>\n<td width=\"96\"><a href=\"http:\/\/conference.fdiba.tu-sofia.bg\/uploads\/2018\/Proceedings\/INF2.bt.txt\">INF2.bt.txt<\/a><\/td>\n<\/tr>\n<tr>\n<td width=\"302\"><strong>Informationsaspekte bei der Modellierung der Gesundheitsregionen in Bulgarien<\/strong><\/p>\n<p><strong><span style=\"color: #000080;\">Velko Iltchev, Aleksandar Tsenov<\/span><\/strong><\/td>\n<td width=\"141\"><a href=\"http:\/\/conference.fdiba.tu-sofia.bg\/uploads\/2018\/Proceedings\/INF3.pdf\">INF3.pdf<\/a><\/td>\n<td width=\"96\"><a href=\"http:\/\/conference.fdiba.tu-sofia.bg\/uploads\/2018\/Proceedings\/INF3.pt.txt\">INF3.pt.<\/a><a href=\"http:\/\/conference.fdiba.tu-sofia.bg\/uploads\/2018\/Proceedings\/INF3.pt.html\">html<\/a><\/td>\n<td width=\"96\"><a href=\"http:\/\/conference.fdiba.tu-sofia.bg\/uploads\/2018\/Proceedings\/INF3.bt.txt\">INF3.bt.txt<\/a><\/td>\n<\/tr>\n<tr>\n<td width=\"302\"><strong>Methoden f\u00fcr eventuelle Konsistenz in kollaborativen Bearbeitungssystemen<\/strong><\/p>\n<p><strong><span style=\"color: #000080;\">Boyan Katsarski, Velko Iltschev<\/span><\/strong><\/td>\n<td width=\"141\"><a href=\"http:\/\/conference.fdiba.tu-sofia.bg\/uploads\/2018\/Proceedings\/INF4.pdf\">INF4.pdf<\/a><\/td>\n<td width=\"96\"><a href=\"http:\/\/conference.fdiba.tu-sofia.bg\/uploads\/2018\/Proceedings\/INF4.pt.txt\">INF4.pt.<\/a><a href=\"http:\/\/conference.fdiba.tu-sofia.bg\/uploads\/2018\/Proceedings\/INF4.pt.html\">html<\/a><\/td>\n<td width=\"96\"><a href=\"http:\/\/conference.fdiba.tu-sofia.bg\/uploads\/2018\/Proceedings\/INF4.bt.txt\">INF4.bt.txt<\/a><\/td>\n<\/tr>\n<tr>\n<td width=\"302\"><strong>R\u00e4umliche Mixed Reality Konfiguration mit einer ZED Mini Stereoskopischen Kamera<\/strong><\/p>\n<p><strong><span style=\"color: #000080;\">Dimo Chotrov, Zlatka Uzunova, Yordan Yordanov, Stoyan Maleshkov<\/span><\/strong><\/td>\n<td width=\"141\"><a href=\"http:\/\/conference.fdiba.tu-sofia.bg\/uploads\/2018\/Proceedings\/INF5.pdf\">INF5.pdf<\/a><\/td>\n<td width=\"96\"><a href=\"http:\/\/conference.fdiba.tu-sofia.bg\/uploads\/2018\/Proceedings\/INF5.pt.txt\">INF5.pt.<\/a><a href=\"http:\/\/conference.fdiba.tu-sofia.bg\/uploads\/2018\/Proceedings\/INF5.pt.html\">html<\/a><\/td>\n<td width=\"96\"><a href=\"http:\/\/conference.fdiba.tu-sofia.bg\/uploads\/2018\/Proceedings\/INF5.bt.txt\">INF5.bt.txt<\/a><\/td>\n<\/tr>\n<tr>\n<td width=\"302\"><strong>Vorhersage von EIGRP-Parametern durch 3D-Approximation mittels neuronaler Netze<\/strong><\/p>\n<p><strong><span style=\"color: #000080;\">Irina Topalova<\/span><\/strong><\/td>\n<td width=\"141\"><a href=\"http:\/\/conference.fdiba.tu-sofia.bg\/uploads\/2018\/Proceedings\/INF6.pdf\">INF6.pdf<\/a><\/td>\n<td width=\"96\"><a href=\"http:\/\/conference.fdiba.tu-sofia.bg\/uploads\/2018\/Proceedings\/INF6.pt.txt\">INF6.pt.<\/a><a href=\"http:\/\/conference.fdiba.tu-sofia.bg\/uploads\/2018\/Proceedings\/INF6.pt.html\">html<\/a><\/td>\n<td width=\"96\"><a href=\"http:\/\/conference.fdiba.tu-sofia.bg\/uploads\/2018\/Proceedings\/INF6.bt.txt\">INF6.bt.txt<\/a><\/td>\n<\/tr>\n<tr>\n<td width=\"302\"><strong>Sitzung <\/strong><strong>Mechatronik<\/strong><\/td>\n<td width=\"141\"><\/td>\n<td width=\"96\"><\/td>\n<td width=\"96\"><\/td>\n<\/tr>\n<tr>\n<td width=\"302\"><strong>Navigator-System zum virtuellen Fertigungsprozess<\/strong><\/p>\n<p><strong><span style=\"color: #000080;\">Hashem Badra, Jivka Ovtcharova<\/span><\/strong><\/td>\n<td width=\"141\"><a href=\"http:\/\/conference.fdiba.tu-sofia.bg\/uploads\/2018\/Proceedings\/MECH1.pdf\">MECH1.pdf<\/a><\/td>\n<td width=\"96\"><a href=\"http:\/\/conference.fdiba.tu-sofia.bg\/uploads\/2018\/Proceedings\/MECH1.pt.html\">MECH1.pt.<\/a><a href=\"http:\/\/conference.fdiba.tu-sofia.bg\/uploads\/2018\/Proceedings\/MECH1.pt.html\">html<\/a><\/td>\n<td width=\"96\"><a href=\"http:\/\/conference.fdiba.tu-sofia.bg\/uploads\/2018\/Proceedings\/MECH1.bt.txt\">MECH1.bt.txt<\/a><\/p>\n<p>&nbsp;<\/td>\n<\/tr>\n<tr>\n<td width=\"302\"><strong>Integrales Bremssystem f\u00fcr elektrisches Motorrad mit maximaler Energieregeneration<\/strong><\/p>\n<p><strong><span style=\"color: #000080;\">Georgi Yanachkov, Simona Hesapchieva<\/span><\/strong><\/td>\n<td width=\"141\"><a href=\"http:\/\/conference.fdiba.tu-sofia.bg\/uploads\/2018\/Proceedings\/MECH2.pdf\">MECH2.pdf<\/a><\/td>\n<td width=\"96\"><a href=\"http:\/\/conference.fdiba.tu-sofia.bg\/uploads\/2018\/Proceedings\/MECH2.pt.txt\">MECH2.pt.<\/a><a href=\"http:\/\/conference.fdiba.tu-sofia.bg\/uploads\/2018\/Proceedings\/MECH2.pt.html\">html<\/a><\/td>\n<td width=\"96\"><a href=\"http:\/\/conference.fdiba.tu-sofia.bg\/uploads\/2018\/Proceedings\/MECH2.bt.txt\">MECH2.bt.txt<\/a><\/td>\n<\/tr>\n<tr>\n<td width=\"302\"><strong>Systementwurf f\u00fcr die Lokalisierung und Kartierung mobiler Plattformen<\/strong><\/p>\n<p><strong><span style=\"color: #000080;\">Stefan Hensel, Marin B. Marinov, Christoh Kehret<\/span><\/strong><\/td>\n<td width=\"141\"><a href=\"http:\/\/conference.fdiba.tu-sofia.bg\/uploads\/2018\/Proceedings\/MECH3.pdf\">MECH3.pdf<\/a><\/td>\n<td width=\"96\"><a href=\"http:\/\/conference.fdiba.tu-sofia.bg\/uploads\/2018\/Proceedings\/MECH3.pt.html\">MECH3.pt.<\/a><a href=\"http:\/\/conference.fdiba.tu-sofia.bg\/uploads\/2018\/Proceedings\/MECH3.pt.html\">html<\/a><\/td>\n<td width=\"96\"><a href=\"http:\/\/conference.fdiba.tu-sofia.bg\/uploads\/2018\/Proceedings\/MECH3.bt.txt\">MECH3.bt.txt<\/a><\/td>\n<\/tr>\n<tr>\n<td width=\"302\"><strong>Standortbasierte Kalibrierung von kosteng\u00fcnstigen Partikelsensoren<\/strong><\/p>\n<p><strong><span style=\"color: #000080;\">Ivan P. Topalov<\/span><\/strong><\/td>\n<td width=\"141\"><a href=\"http:\/\/conference.fdiba.tu-sofia.bg\/uploads\/2018\/Proceedings\/MECH4.pdf\">MECH4.pdf<\/a><\/td>\n<td width=\"96\"><a href=\"http:\/\/conference.fdiba.tu-sofia.bg\/uploads\/2018\/Proceedings\/MECH4.pt.html\">MECH4.pt.<\/a><a href=\"http:\/\/conference.fdiba.tu-sofia.bg\/uploads\/2018\/Proceedings\/MECH4.pt.html\">html<\/a><\/td>\n<td width=\"96\"><a href=\"http:\/\/conference.fdiba.tu-sofia.bg\/uploads\/2018\/Proceedings\/MECH4.bt.txt\">MECH4.bt.txt<\/a><\/td>\n<\/tr>\n<tr>\n<td width=\"302\"><strong>Sitzung Wirtschaft<\/strong><\/td>\n<td width=\"141\"><\/td>\n<td width=\"96\"><\/td>\n<td width=\"96\"><\/td>\n<\/tr>\n<tr>\n<td width=\"302\"><strong>Mitarbeiterkompetenz im Zeitalter von Digitalisierung<\/strong><\/p>\n<p><strong><span style=\"color: #000080;\">Anna-Maria Staiger, Malte Fiedler, Wolfgang Fritz, Dietrich von der Oelsnitz<\/span><\/strong><\/td>\n<td width=\"141\"><a href=\"http:\/\/conference.fdiba.tu-sofia.bg\/uploads\/2018\/Proceedings\/ECO1.pdf\">ECO1.pdf<\/a><\/td>\n<td width=\"96\"><a href=\"http:\/\/conference.fdiba.tu-sofia.bg\/uploads\/2018\/Proceedings\/ECO1.pt.txt\">ECO1.pt.<\/a><a href=\"http:\/\/conference.fdiba.tu-sofia.bg\/uploads\/2018\/Proceedings\/ECO1.pt.html\">html<\/a><\/td>\n<td width=\"96\"><a href=\"http:\/\/conference.fdiba.tu-sofia.bg\/uploads\/2018\/Proceedings\/ECO1.bt.txt\">ECO1.bt.txt<\/a><\/td>\n<\/tr>\n<tr>\n<td width=\"302\"><strong>Sitzung Doktoranden<\/strong><\/td>\n<td width=\"141\"><\/td>\n<td width=\"96\"><\/td>\n<td width=\"96\"><\/td>\n<\/tr>\n<tr>\n<td width=\"302\"><strong>Verwenden der Formant als Indikation der Sprachverst\u00e4ndlichkeit in VOIP<\/strong><\/p>\n<p><strong><span style=\"color: #000080;\">Angel Garabitov, Aleksandar Tsenov<\/span><\/strong><\/td>\n<td width=\"141\"><a href=\"http:\/\/conference.fdiba.tu-sofia.bg\/uploads\/2018\/Proceedings\/DOC1.pdf\">DOC1.pdf<\/a><\/td>\n<td width=\"96\"><a href=\"http:\/\/conference.fdiba.tu-sofia.bg\/uploads\/2018\/Proceedings\/DOC1.pt.html\">DOC1.pt.<\/a><a href=\"http:\/\/conference.fdiba.tu-sofia.bg\/uploads\/2018\/Proceedings\/DOC1.pt.html\">html<\/a><\/td>\n<td width=\"96\"><a href=\"http:\/\/conference.fdiba.tu-sofia.bg\/uploads\/2018\/Proceedings\/DOC1.bt.txt\">DOC1.bt.txt<\/a><\/td>\n<\/tr>\n<tr>\n<td width=\"302\"><strong>Anwendung der Hilbert-Transfomation zum Kalibrieren von phasengesteuerten Gruppenantennen<\/strong><\/p>\n<p><strong><span style=\"color: #000080;\">Daniel Hristov<\/span><\/strong><\/td>\n<td width=\"141\"><a href=\"http:\/\/conference.fdiba.tu-sofia.bg\/uploads\/2018\/Proceedings\/DOC2.pdf\">DOC2.pdf<\/a><\/td>\n<td width=\"96\"><a href=\"http:\/\/conference.fdiba.tu-sofia.bg\/uploads\/2018\/Proceedings\/DOC2.pt.txt\">DOC2.pt.<\/a><a href=\"http:\/\/conference.fdiba.tu-sofia.bg\/uploads\/2018\/Proceedings\/DOC2.pt.html\">html<\/a><\/td>\n<td width=\"96\"><a href=\"http:\/\/conference.fdiba.tu-sofia.bg\/uploads\/2018\/Proceedings\/DOC2.bt.txt\">DOC2.bt.txt<\/a><\/td>\n<\/tr>\n<tr>\n<td width=\"302\"><strong>Anwendung von Blockchain Technologie zur Datenanalyse und Interaktionen durch den Formal Method of Things<\/strong><\/p>\n<p><strong><span style=\"color: #000080;\">Blagovest Kirilov<\/span><\/strong><\/td>\n<td width=\"141\"><a href=\"http:\/\/conference.fdiba.tu-sofia.bg\/uploads\/2018\/Proceedings\/DOC3.pdf\">DOC3.pdf<\/a><\/td>\n<td width=\"96\"><a href=\"http:\/\/conference.fdiba.tu-sofia.bg\/uploads\/2018\/Proceedings\/DOC3.pt.html\">DOC3.pt.<\/a><a href=\"http:\/\/conference.fdiba.tu-sofia.bg\/uploads\/2018\/Proceedings\/INF2.pt.html\">html<\/a><\/td>\n<td width=\"96\"><a href=\"http:\/\/conference.fdiba.tu-sofia.bg\/uploads\/2018\/Proceedings\/DOC3.bt.txt\">DOC3.bt.txt<\/a><\/td>\n<\/tr>\n<\/tbody>\n<\/table>\n<p>&nbsp;<\/p>\n","protected":false},"excerpt":{"rendered":"<p>Titel Dokument Herunterladen Zitierung Text BibTex Voller Text FDIBAconf2018.pdf Titelseiten TitlePage.pdf Programm Program.pdf Inhaltsverzeichnis TableOfContents.pdf Erneuerbare Energiequellen und Besch\u00e4ftigung Plenargespr\u00e4ch Zwetelina Gankova-Ivanova PlenaryTalk.pdf Sitzung Informatik Hygienefaktoren der Gebrauchstauglichkeit (Voraussetzung f\u00fcr Akzeptabilit\u00e4t der Schnittstellen von graphischen Oberfl\u00e4chen) Svetla Ivanova-Vassileva INF1.pdf INF1.pt.html&#8230;<br \/><a class=\"read-more-button\" href=\"https:\/\/conference.fdiba.tu-sofia.bg\/de\/?page_id=405\">Read more<\/a><\/p>\n","protected":false},"author":1,"featured_media":0,"parent":0,"menu_order":0,"comment_status":"closed","ping_status":"closed","template":"","meta":{"footnotes":""},"class_list":["post-405","page","type-page","status-publish","hentry"],"_links":{"self":[{"href":"https:\/\/conference.fdiba.tu-sofia.bg\/de\/index.php?rest_route=\/wp\/v2\/pages\/405","targetHints":{"allow":["GET"]}}],"collection":[{"href":"https:\/\/conference.fdiba.tu-sofia.bg\/de\/index.php?rest_route=\/wp\/v2\/pages"}],"about":[{"href":"https:\/\/conference.fdiba.tu-sofia.bg\/de\/index.php?rest_route=\/wp\/v2\/types\/page"}],"author":[{"embeddable":true,"href":"https:\/\/conference.fdiba.tu-sofia.bg\/de\/index.php?rest_route=\/wp\/v2\/users\/1"}],"replies":[{"embeddable":true,"href":"https:\/\/conference.fdiba.tu-sofia.bg\/de\/index.php?rest_route=%2Fwp%2Fv2%2Fcomments&post=405"}],"version-history":[{"count":6,"href":"https:\/\/conference.fdiba.tu-sofia.bg\/de\/index.php?rest_route=\/wp\/v2\/pages\/405\/revisions"}],"predecessor-version":[{"id":443,"href":"https:\/\/conference.fdiba.tu-sofia.bg\/de\/index.php?rest_route=\/wp\/v2\/pages\/405\/revisions\/443"}],"wp:attachment":[{"href":"https:\/\/conference.fdiba.tu-sofia.bg\/de\/index.php?rest_route=%2Fwp%2Fv2%2Fmedia&parent=405"}],"curies":[{"name":"wp","href":"https:\/\/api.w.org\/{rel}","templated":true}]}}