{"id":350,"date":"2018-03-12T15:32:40","date_gmt":"2018-03-12T13:32:40","guid":{"rendered":"http:\/\/conference.fdiba.tu-sofia.bg\/de\/?page_id=350"},"modified":"2024-11-17T18:09:56","modified_gmt":"2024-11-17T16:09:56","slug":"kontakt","status":"publish","type":"page","link":"https:\/\/conference.fdiba.tu-sofia.bg\/de\/?page_id=350","title":{"rendered":"Kontakt"},"content":{"rendered":"<p><strong>Kontakt:<\/strong><\/p>\n<p>Technische Universit\u00e4t &#8211; Sofia<br \/>\nFakult\u00e4t f\u00fcr deutsche Ingenieur- und Betriebswirtschaftsausbildung (FDIBA)<\/p>\n<p>Dr. Boris Kirov<\/p>\n<p>Geb\u00e4ude 10, Raum 10213<br \/>\nKliment Ohridski Blvd. 8, 1756 Sofia<\/p>\n<p>&nbsp;<\/p>\n","protected":false},"excerpt":{"rendered":"<p>Kontakt: Technische Universit\u00e4t &#8211; Sofia Fakult\u00e4t f\u00fcr deutsche Ingenieur- und Betriebswirtschaftsausbildung (FDIBA) Dr. Boris Kirov Geb\u00e4ude 10, Raum 10213 Kliment Ohridski Blvd. 8, 1756 Sofia &nbsp;<\/p>\n","protected":false},"author":19,"featured_media":0,"parent":0,"menu_order":0,"comment_status":"closed","ping_status":"closed","template":"","meta":{"footnotes":""},"class_list":["post-350","page","type-page","status-publish","hentry"],"_links":{"self":[{"href":"https:\/\/conference.fdiba.tu-sofia.bg\/de\/index.php?rest_route=\/wp\/v2\/pages\/350","targetHints":{"allow":["GET"]}}],"collection":[{"href":"https:\/\/conference.fdiba.tu-sofia.bg\/de\/index.php?rest_route=\/wp\/v2\/pages"}],"about":[{"href":"https:\/\/conference.fdiba.tu-sofia.bg\/de\/index.php?rest_route=\/wp\/v2\/types\/page"}],"author":[{"embeddable":true,"href":"https:\/\/conference.fdiba.tu-sofia.bg\/de\/index.php?rest_route=\/wp\/v2\/users\/19"}],"replies":[{"embeddable":true,"href":"https:\/\/conference.fdiba.tu-sofia.bg\/de\/index.php?rest_route=%2Fwp%2Fv2%2Fcomments&post=350"}],"version-history":[{"count":10,"href":"https:\/\/conference.fdiba.tu-sofia.bg\/de\/index.php?rest_route=\/wp\/v2\/pages\/350\/revisions"}],"predecessor-version":[{"id":648,"href":"https:\/\/conference.fdiba.tu-sofia.bg\/de\/index.php?rest_route=\/wp\/v2\/pages\/350\/revisions\/648"}],"wp:attachment":[{"href":"https:\/\/conference.fdiba.tu-sofia.bg\/de\/index.php?rest_route=%2Fwp%2Fv2%2Fmedia&parent=350"}],"curies":[{"name":"wp","href":"https:\/\/api.w.org\/{rel}","templated":true}]}}