{"id":31,"date":"2015-05-19T03:18:54","date_gmt":"2015-05-19T07:18:54","guid":{"rendered":"http:\/\/fdiba.tu-sofia.bg\/wordpress\/?page_id=31"},"modified":"2026-03-16T10:58:52","modified_gmt":"2026-03-16T08:58:52","slug":"home","status":"publish","type":"page","link":"https:\/\/conference.fdiba.tu-sofia.bg\/de\/","title":{"rendered":"Home"},"content":{"rendered":"\n<p><strong>Die FDIBA Summer Conference 2026<\/strong> findet vom <strong>11. bis 13. Juni 2026<\/strong> im <strong>Hotel Belitsa in Primorsko<\/strong> statt<br>(<a href=\"https:\/\/www.hotel-belitsa.com\/en\/\">https:\/\/www.hotel-belitsa.com\/en\/<\/a>).<\/p>\n\n\n\n<p>Das Hotel Belitsa befindet sich im nord\u00f6stlichen Teil von Primorsko in der N\u00e4he des goldenen Sandstrandes <strong>Perla Beach<\/strong>. Das Hotel verf\u00fcgt \u00fcber f\u00fcnf Etagen und wurde vollst\u00e4ndig renoviert. Es bietet Komfort sowie eine ideale Umgebung f\u00fcr Erholung und Entspannung f\u00fcr Familien und junge Menschen von Mai bis Oktober. Dar\u00fcber hinaus stehen zwei Konferenzs\u00e4le zur Verf\u00fcgung, die sich sehr gut f\u00fcr die Durchf\u00fchrung verschiedener organisierter Veranstaltungen eignen.<\/p>\n\n\n\n<p>Der Badeort <strong>Primorsko<\/strong> liegt in einer malerischen Bucht an der s\u00fcdlichen Schwarzmeerk\u00fcste und befindet sich etwa <strong>56 km von der Gro\u00dfstadt Burgas<\/strong> entfernt. In der N\u00e4he befinden sich das Gebiet <strong>Beglik Tash<\/strong>, die Naturschutzgebiete <strong>Ropotamo<\/strong> und <strong>Arkutino<\/strong> sowie die Museumsstadt <strong>Sozopol<\/strong>, die f\u00fcr ihre jahrhundertealte Geschichte und ihre einzigartige Architektur bekannt ist. Ebenfalls in der Umgebung liegen das Ferienresort <strong>Duni<\/strong> und viele weitere Sehensw\u00fcrdigkeiten.<\/p>\n\n\n\n<p>Dies ist die <strong>zweite Ausgabe<\/strong> der neu etablierten j\u00e4hrlichen <strong>Sommerkonferenz der Fakult\u00e4t f\u00fcr Deutsche Ingenieur- und Betriebswirtschaftsausbildung (FDIBA)<\/strong> an der <strong>Technischen Universit\u00e4t Sofia<\/strong>. Die Konferenz pr\u00e4sentiert die neuesten wissenschaftlichen Ergebnisse in den folgenden Fachgebieten, die an der Fakult\u00e4t gelehrt werden:<\/p>\n\n\n\n<p><strong>Hauptbereich<\/strong><\/p>\n\n\n\n<ul class=\"wp-block-list\">\n<li>Mechatronik und Informationstechnologie<\/li>\n<\/ul>\n\n\n\n<p><strong>Weitere Bereiche<\/strong><\/p>\n\n\n\n<ul class=\"wp-block-list\">\n<li>Informatik und Kommunikationstechnik<\/li>\n\n\n\n<li>Wirtschaft und Management<\/li>\n<\/ul>\n\n\n\n<p>Die Konferenz ist <strong>zweisprachig<\/strong> und akzeptiert Beitr\u00e4ge <strong>auf Englisch oder Deutsch<\/strong>, jeweils mit <strong>Titel und Abstract in beiden Sprachen<\/strong>. Seit 2017 bieten alle FDIBA-Konferenzen <strong>freien und unbegrenzten Zugang zu allen Ver\u00f6ffentlichungen<\/strong>. Die Publikationsreihe ist in der <strong>ISSN-gest\u00fctzten Datenbank f\u00fcr Open-Access-Zeitschriften ROAD<\/strong> registriert. Die herausragendsten Beitr\u00e4ge werden zur Ver\u00f6ffentlichung in einer <strong>Sonderausgabe der Zeitschrift <em>Applied Sciences<\/em> (Q1)<\/strong> empfohlen.<\/p>\n\n\n\n<p>Die Konferenz arbeitet mit einem <strong>Peer-Review-Verfahren<\/strong>. Die Beitr\u00e4ge m\u00fcssen vorab \u00fcber das Webportal an das Organisationskomitee eingereicht werden. Jeder Beitrag wird von <strong>mindestens zwei Gutachtern<\/strong> bewertet. Die endg\u00fcltige Entscheidung \u00fcber die Annahme trifft das <strong>Program Committee<\/strong>, das zugleich als <strong>Redaktionsgremium f\u00fcr die Konferenz-Proceedings<\/strong> fungiert.<\/p>\n","protected":false},"excerpt":{"rendered":"<p>Die FDIBA Summer Conference 2026 findet vom 11. bis 13. Juni 2026 im Hotel Belitsa in Primorsko statt(https:\/\/www.hotel-belitsa.com\/en\/). Das Hotel Belitsa befindet sich im nord\u00f6stlichen Teil von Primorsko in der N\u00e4he des goldenen Sandstrandes Perla Beach. Das Hotel verf\u00fcgt \u00fcber&#8230;<br \/><a class=\"read-more-button\" href=\"https:\/\/conference.fdiba.tu-sofia.bg\/de\/\">Read more<\/a><\/p>\n","protected":false},"author":19,"featured_media":0,"parent":0,"menu_order":0,"comment_status":"open","ping_status":"open","template":"","meta":{"footnotes":""},"class_list":["post-31","page","type-page","status-publish","hentry"],"_links":{"self":[{"href":"https:\/\/conference.fdiba.tu-sofia.bg\/de\/index.php?rest_route=\/wp\/v2\/pages\/31","targetHints":{"allow":["GET"]}}],"collection":[{"href":"https:\/\/conference.fdiba.tu-sofia.bg\/de\/index.php?rest_route=\/wp\/v2\/pages"}],"about":[{"href":"https:\/\/conference.fdiba.tu-sofia.bg\/de\/index.php?rest_route=\/wp\/v2\/types\/page"}],"author":[{"embeddable":true,"href":"https:\/\/conference.fdiba.tu-sofia.bg\/de\/index.php?rest_route=\/wp\/v2\/users\/19"}],"replies":[{"embeddable":true,"href":"https:\/\/conference.fdiba.tu-sofia.bg\/de\/index.php?rest_route=%2Fwp%2Fv2%2Fcomments&post=31"}],"version-history":[{"count":203,"href":"https:\/\/conference.fdiba.tu-sofia.bg\/de\/index.php?rest_route=\/wp\/v2\/pages\/31\/revisions"}],"predecessor-version":[{"id":664,"href":"https:\/\/conference.fdiba.tu-sofia.bg\/de\/index.php?rest_route=\/wp\/v2\/pages\/31\/revisions\/664"}],"wp:attachment":[{"href":"https:\/\/conference.fdiba.tu-sofia.bg\/de\/index.php?rest_route=%2Fwp%2Fv2%2Fmedia&parent=31"}],"curies":[{"name":"wp","href":"https:\/\/api.w.org\/{rel}","templated":true}]}}